{"id":3399,"date":"2022-08-30T13:32:09","date_gmt":"2022-08-30T11:32:09","guid":{"rendered":"https:\/\/www.finsolucion.com\/politica-privacidad\/"},"modified":"2023-11-29T09:54:27","modified_gmt":"2023-11-29T08:54:27","slug":"politica-privacitat","status":"publish","type":"page","link":"https:\/\/www.finsolucion.com\/ca\/politica-privacitat\/","title":{"rendered":"Pol\u00edtica de Privacitat"},"content":{"rendered":"<section class=\"wpb-content-wrapper\"><p>[vc_row wrap_container=&#8221;yes&#8221; css=&#8221;.vc_custom_1698220850159{padding-bottom: 3.8125rem !important;}&#8221; conditional_render=&#8221;%5B%7B%22value_role%22%3A%22administrator%22%7D%5D&#8221; el_class=&#8221;politica-privacidad-block&#8221;][vc_column]<div class=\"porto-faqs porto-faqsp8s0 wpb_content_element \">\r\n\t<div class=\"page-faqs clearfix wpb_custom_d625986109cdfd1e201836c89ea3bdb7\" id=\"porto_faqs_b1y0\">\r\n\r\n\t\t\r\n\t\t\r\n\t\t<div class=\"faq-row faqs-container\">\r\n\t\t\t\r\n<div class=\"faq aviso-legal-ca post-3380 type-faq status-publish hentry faq_cat-aviso-legal-ca\">\r\n\t<section class=\"toggle\">\r\n\t\t<label>1. INFORMACI\u00d3 SOBRE EL RESPONSABLE DEL TRACTAMENT DE LES DADES PERSONALS<\/label>\r\n\t\t<div class=\"toggle-content\">\r\n\t\t<h3 class=\"entry-title\" style=\"display: none;\">1. INFORMACI\u00d3 SOBRE EL RESPONSABLE DEL TRACTAMENT DE LES DADES PERSONALS<\/h3><span class=\"vcard\" style=\"display: none;\"><span class=\"fn\"><a href=\"https:\/\/www.finsolucion.com\/ca\/author\/finsolucion\/\" title=\"Entrades de finsolucion\" rel=\"author\">finsolucion<\/a><\/span><\/span><span class=\"updated\" style=\"display:none\">2023-11-29T09:10:37+01:00<\/span>\n<p>La responsable del tractament de les dades recollides a trav\u00e9s dels llocs web, finsolucion.com (d'ara endavant, la \u201cWeb\u201d o el \u201cLloc Web\u201d) \u00e9s Finsoluci\u00f3n S.L., amb C.I.F. 45498455Q, C\/ Arquimedes 179, 08224 - Terrassa (Barcelona).<\/p>\n\n\n\n<p>Pots posar-te en contacte amb Finsoluci\u00f3n, per a qualsevol aspecte relacionat amb aquesta pol\u00edtica de privadesa, a l'adre\u00e7a de correu electr\u00f2nic: info@finsolucion.com<\/p>\n\n\n\n<p><\/p>\n\t\t<\/div>\r\n\t<\/section>\r\n<\/div>\r\n\r\n<div class=\"faq aviso-legal-ca post-3379 type-faq status-publish hentry faq_cat-aviso-legal-ca\">\r\n\t<section class=\"toggle\">\r\n\t\t<label>2. FINALITAT DEL TRACTAMENT DE LES DADES PERSONALS<\/label>\r\n\t\t<div class=\"toggle-content\">\r\n\t\t<h3 class=\"entry-title\" style=\"display: none;\">2. FINALITAT DEL TRACTAMENT DE LES DADES PERSONALS<\/h3><span class=\"vcard\" style=\"display: none;\"><span class=\"fn\"><a href=\"https:\/\/www.finsolucion.com\/ca\/author\/finsolucion\/\" title=\"Entrades de finsolucion\" rel=\"author\">finsolucion<\/a><\/span><\/span><span class=\"updated\" style=\"display:none\">2023-11-29T09:08:53+01:00<\/span>\n<p>2.1. Amb quina finalitat tractarem les teves dades personals?<br>A Finsoluci\u00f3n tractarem les teves dades personals, recollides a trav\u00e9s del Lloc Web amb les seg\u00fcents finalitats:<\/p>\n\n\n\n<p>a) En cas de contractaci\u00f3 dels b\u00e9ns i serveis oferts a trav\u00e9s del Lloc Web, per mantenir la relaci\u00f3 contractual, aix\u00ed com la gesti\u00f3, administraci\u00f3, informaci\u00f3, prestaci\u00f3 i millora del servei.<\/p>\n\n\n\n<p>b) Enviament d'informaci\u00f3 sol\u00b7licitada a trav\u00e9s dels formularis disposats al Lloc Web.<\/p>\n\n\n\n<p>c) Remetre comunicacions comercials de promocions i\/o publicitat del seu inter\u00e8s.<\/p>\n\n\n\n<p>d) Remetre butlletins (newsletters) amb informaci\u00f3, novetats i actualitzacions dels nostres serveis i del sector.<\/p>\n\n\n\n<p>2.2. Per quant de temps es conserven les dades personals recollides?<br>Les dades personals proporcionades es conservaran mentre es mantingui la relaci\u00f3 comercial o no en sol\u00b7liciti la supressi\u00f3 i durant el termini pel qual es puguin derivar responsabilitats legals pels serveis prestats.<\/p>\n\n\n\n<p><\/p>\n\t\t<\/div>\r\n\t<\/section>\r\n<\/div>\r\n\r\n<div class=\"faq aviso-legal-ca post-3378 type-faq status-publish hentry faq_cat-aviso-legal-ca\">\r\n\t<section class=\"toggle\">\r\n\t\t<label>3. LEGITIMACI\u00d3<\/label>\r\n\t\t<div class=\"toggle-content\">\r\n\t\t<h3 class=\"entry-title\" style=\"display: none;\">3. LEGITIMACI\u00d3<\/h3><span class=\"vcard\" style=\"display: none;\"><span class=\"fn\"><a href=\"https:\/\/www.finsolucion.com\/ca\/author\/finsolucion\/\" title=\"Entrades de finsolucion\" rel=\"author\">finsolucion<\/a><\/span><\/span><span class=\"updated\" style=\"display:none\">2023-11-29T09:07:16+01:00<\/span>\n<p>El tractament de les teves dades es realitza amb les bases jur\u00eddiques seg\u00fcents que legitimen el mateix:<\/p>\n\n\n\n<p>a) La sol\u00b7licitud d'informaci\u00f3 i\/o la contractaci\u00f3 dels serveis de Finsoluci\u00f3 els termes i condicions dels quals es posaran a la teva disposici\u00f3 en tot cas, de forma pr\u00e8via a una eventual contractaci\u00f3.<\/p>\n\n\n\n<p>b) El consentiment lliure, espec\u00edfic, informat i inequ\u00edvoc, en tant que t'informem posant a la teva disposici\u00f3 aquesta pol\u00edtica de privadesa, que, despr\u00e9s de llegir-la, en cas d'estar-hi conforme, pots acceptar mitjan\u00e7ant una declaraci\u00f3 o una clara acci\u00f3 afirmativa, com el marcatge d'una casella disposada a aquest efecte.<\/p>\n\n\n\n<p>En cas que no ens facilitis les teves dades o les facis de forma err\u00f2nia o incompleta, no podrem atendre la teva sol\u00b7licitud, resultant del tot impossible proporcionar-te la informaci\u00f3 sol\u00b7licitada o dur a terme la contractaci\u00f3 dels serveis.<\/p>\n\n\n\n<p>Facilitant qualsevol tipus d'informaci\u00f3 personal a la Web de Finsoluci\u00f3n, tots els usuaris, entenen i inequ\u00edvocament donen el seu consentiment per a la recollida i tractament d'aquesta informaci\u00f3 amb les finalitats descrites a continuaci\u00f3:<\/p>\n\n\n\n<p>Comunicar-nos. Nosaltres respondrem als comentaris i preguntes que ens faci a trav\u00e9s de la nostra Web, tant via online com registrant la seva sol\u00b7licitud com a confer\u00e8ncia. Aquest mitj\u00e0 inclou trucar-vos per tel\u00e8fon o comunicar-nos amb vost\u00e8 via e-mail. M\u00e0rqueting i promoci\u00f3 directes. Aquest servei t\u00e9 com a objectiu proveir-vos de la informaci\u00f3 pr\u00e8viament sol\u00b7licitada per vost\u00e8 via online o proporcionar-vos informaci\u00f3 general sobre els serveis de Finsoluci\u00f3. doneu a les vostres Dades Personals. Selecci\u00f3 de Personal (Recruitment). Si vost\u00e8 ens fa arribar una sol\u00b7licitud d'ocupaci\u00f3 online, les vostres dades personals o curriculars seran utilitzades per a aquest fi, la qual cosa inclou contactar amb vost\u00e8 via e-mail, tel\u00e8fon o correu ordinari. En alguns casos pot ser necessari que es registri a la nostra Web i mantingui les seves dades actualitzades. Sempre que no ens indiqueu el contrari, Finsoluci\u00f3n mantindr\u00e0 les vostres Dades Personals i curriculars en arxius propietat de Finsoluci\u00f3n per ser considerats de cara a futures ofertes de feina. Prove\u00efdors (Partners). Algunes Webs de Finsoluci\u00f3 permeten a prove\u00efdors externs registrar-se amb la finalitat de proveir de productes i serveis a Finsoluci\u00f3n. Aquestes dades personals s'utilitzaran per establir o realitzar una transacci\u00f3 amb el prove\u00efdor i per a altres tr\u00e0mits relacionats amb aquests fins. Manteniment de la Web i realitzaci\u00f3 d'enquestes de satisfacci\u00f3. S'utilitzaran les vostres Dades Personals i opinions amb l'objectiu de mantenir i millorar la nostra Web. Aix\u00ed mateix, les seves dades personals poden ser utilitzades en la realitzaci\u00f3 d'enquestes de satisfacci\u00f3 de clients. Compilaci\u00f3 de conjunts estad\u00edstics referents a l\u00fas de la Web.<\/p>\n\t\t<\/div>\r\n\t<\/section>\r\n<\/div>\r\n\r\n<div class=\"faq aviso-legal-ca post-3377 type-faq status-publish hentry faq_cat-aviso-legal-ca\">\r\n\t<section class=\"toggle\">\r\n\t\t<label>4. DESTINATARIS<\/label>\r\n\t\t<div class=\"toggle-content\">\r\n\t\t<h3 class=\"entry-title\" style=\"display: none;\">4. DESTINATARIS<\/h3><span class=\"vcard\" style=\"display: none;\"><span class=\"fn\"><a href=\"https:\/\/www.finsolucion.com\/ca\/author\/finsolucion\/\" title=\"Entrades de finsolucion\" rel=\"author\">finsolucion<\/a><\/span><\/span><span class=\"updated\" style=\"display:none\">2023-11-29T09:06:02+01:00<\/span>\n<p>Les dades no es comunicaran a cap tercer ali\u00e8 a FINSOLUCI\u00d3, excepte obligaci\u00f3 legal.<\/p>\n\n\n\n<p>Podem comunicar dades sobre vost\u00e8 a terceres parts que ens presten serveis a nosaltres que raonablement requereixin acc\u00e9s a dades personals relacionades amb vost\u00e8 per a un o m\u00e9s dels objectius indicats a l'apartat anterior.<\/p>\n\n\n\n<p>Les dades personals facilitades a trav\u00e9s dels formularis del Lloc Web, s\u00f3n tractades per a la prestaci\u00f3 dels serveis de FINSOLUCI\u00d3N, aix\u00ed com per a l'enviament de comunicacions comercials o informatives mitjan\u00e7ant l'\u00fas de l'eina que aquesta companyia facilita, cosa que comporta que els dades introdu\u00efdes s\u00f3n transferides als servidors de l'esmentada companyia, suposant una transfer\u00e8ncia de dades, que l'usuari consenteix de manera expressa amb l'acceptaci\u00f3 de la present pol\u00edtica de privadesa.<\/p>\n\t\t<\/div>\r\n\t<\/section>\r\n<\/div>\r\n\r\n<div class=\"faq aviso-legal-ca post-3376 type-faq status-publish hentry faq_cat-aviso-legal-ca\">\r\n\t<section class=\"toggle\">\r\n\t\t<label>5. DRETS<\/label>\r\n\t\t<div class=\"toggle-content\">\r\n\t\t<h3 class=\"entry-title\" style=\"display: none;\">5. DRETS<\/h3><span class=\"vcard\" style=\"display: none;\"><span class=\"fn\"><a href=\"https:\/\/www.finsolucion.com\/ca\/author\/finsolucion\/\" title=\"Entrades de finsolucion\" rel=\"author\">finsolucion<\/a><\/span><\/span><span class=\"updated\" style=\"display:none\">2023-11-29T09:03:54+01:00<\/span>\n<p>Com a interessat que ens has proporcionat les teves dades personals, tens ple dret a obtenir confirmaci\u00f3 sobre si a FINSOLUCI\u00d3N estem tractant les teves dades personals, i en concret est\u00e0s facultat per exercitar els drets seg\u00fcents que la normativa en mat\u00e8ria de protecci\u00f3 de dades et reconeix, d'acord amb el previst a la mateixa:<\/p>\n\n\n\n<p>Dret d'ACC\u00c9S a les vostres dades personals<\/p>\n\n\n\n<p>Drets de sol\u00b7licitar la RECTIFICACI\u00d3 de les dades inexactes<\/p>\n\n\n\n<p>Dret de sol\u00b7licitar la seva SUPRESSI\u00d3 quan, entre altres motius, les dades ja no siguin necess\u00e0ries per als fins que van ser recollides.<\/p>\n\n\n\n<p>En determinades circumst\u00e0ncies, podr\u00e0s sol\u00b7licitar la LIMITACI\u00d3 DEL TRACTAMENT de les teves dades, cas en qu\u00e8 \u00fanicament les conservarem per a l'exercici o la defensa de reclamacions.<\/p>\n\n\n\n<p>Dret a l'oposici\u00f3 de l'enviament de comunicacions.<\/p>\n\n\n\n<p>En determinades circumst\u00e0ncies i per motius relacionats amb la seva situaci\u00f3 particular, els interessats podran exercitar el dret d'OPOSICI\u00d3 al tractament de les dades. Deixarem de tractar les dades, tret de motius leg\u00edtims imperiosos, o l'exercici o la defensa de possibles reclamacions.<\/p>\n\n\n\n<p>En determinades circumst\u00e0ncies i per motius relacionats amb la teva situaci\u00f3 particular, podr\u00e0s sol\u00b7licitar el dret a la PORTABILITAT de les dades.<\/p>\n\n\n\n<p>Podr\u00e0s exercir aquests drets adre\u00e7ant una comunicaci\u00f3 a l'adre\u00e7a postal i\/o de correu electr\u00f2nic que es fa constar a l'apartat \u201c1. Informaci\u00f3 sobre el responsable del tractament de les dades personals.\u201d<\/p>\n\n\n\n<p>A m\u00e9s, en cas que s'hagi vulnerat qualsevol dels teus drets, l'interessat t\u00e9 dret a presentar una reclamaci\u00f3 davant de l'Ag\u00e8ncia Espanyola de Protecci\u00f3 de Dades (AEPD), al c\/ Jorge Juan, 6, 28001-Madrid oa trav\u00e9s de la seu electr\u00f2nica de lAEPD.<\/p>\n\n\n\n<h2 class=\"wp-block-heading\">POL\u00cdTICA DE COOKIES<\/h2>\n\n\n\n<p>\u00c9s possible que Finsoluci\u00f3n reculli informaci\u00f3 a trav\u00e9s de les seves p\u00e0gines web utilitzant cookies i cliktrails. Tota la informaci\u00f3 recollida per aquests mitjans ser\u00e0 an\u00f2nima, agregada i exclusivament utilitzada per desenvolupar i esbrinar lorigen del tr\u00e0nsit i el volum d\u00fas de la nostra Web. De vegades les cookies s'utilitzen per assistir-vos en la recerca d'informaci\u00f3 apropiada i per guiar la vostra visita segons les vostres prefer\u00e8ncies. Per exemple, una galeta pot ser utilitzada per recordar-vos la vostra informaci\u00f3 d'acc\u00e9s (login) si trieu l'opci\u00f3 \u201cRecordar\u201d en el moment d'establir aquesta informaci\u00f3. Si no voleu rebre cookies des de les nostres webs, podeu indicar al vostre browser que les rebutgi o que us ho indiqui cada vegada que en rebeu una, de manera que pugueu rebutjar-la al moment. Tot i aix\u00f2, rebutjar les cookies pot impedir-vos accedir a algunes parts de la web.<\/p>\n\t\t<\/div>\r\n\t<\/section>\r\n<\/div>\r\n\t\t<\/div>\r\n\r\n\t\t\r\n\t<\/div>\r\n\r\n\t\r\n\t<\/div>[\/vc_column][\/vc_row]<\/p>\n<\/section>","protected":false},"excerpt":{"rendered":"<p>[vc_row wrap_container=&#8221;yes&#8221; css=&#8221;.vc_custom_1698220850159{padding-bottom: 3.8125rem !important;}&#8221; conditional_render=&#8221;%5B%7B%22value_role%22%3A%22administrator%22%7D%5D&#8221; el_class=&#8221;politica-privacidad-block&#8221;][vc_column][\/vc_column][\/vc_row]<\/p>\n","protected":false},"author":1,"featured_media":0,"parent":0,"menu_order":0,"comment_status":"closed","ping_status":"closed","template":"","meta":{"footnotes":""},"yoast_head":"<!-- This site is optimized with the Yoast SEO plugin v21.5 - https:\/\/yoast.com\/wordpress\/plugins\/seo\/ -->\n<title>Pol\u00edtica de Privacitat - FinSoluci\u00f3n<\/title>\n<meta name=\"robots\" content=\"index, follow, max-snippet:-1, max-image-preview:large, max-video-preview:-1\" \/>\n<link rel=\"canonical\" href=\"https:\/\/www.finsolucion.com\/ca\/politica-privacitat\/\" \/>\n<meta property=\"og:locale\" content=\"ca_ES\" \/>\n<meta property=\"og:type\" content=\"article\" \/>\n<meta property=\"og:title\" content=\"Pol\u00edtica de Privacitat - FinSoluci\u00f3n\" \/>\n<meta property=\"og:description\" content=\"[vc_row wrap_container=&#8221;yes&#8221; css=&#8221;.vc_custom_1698220850159{padding-bottom: 3.8125rem !important;}&#8221; conditional_render=&#8221;%5B%7B%22value_role%22%3A%22administrator%22%7D%5D&#8221; el_class=&#8221;politica-privacidad-block&#8221;][vc_column][\/vc_column][\/vc_row]\" \/>\n<meta property=\"og:url\" content=\"https:\/\/www.finsolucion.com\/ca\/politica-privacitat\/\" \/>\n<meta property=\"og:site_name\" content=\"FinSoluci\u00f3n\" \/>\n<meta property=\"article:modified_time\" content=\"2023-11-29T08:54:27+00:00\" \/>\n<meta name=\"twitter:card\" content=\"summary_large_image\" \/>\n<meta name=\"twitter:label1\" content=\"Temps estimat de lectura\" \/>\n\t<meta name=\"twitter:data1\" content=\"1 minut\" \/>\n<script type=\"application\/ld+json\" class=\"yoast-schema-graph\">{\"@context\":\"https:\/\/schema.org\",\"@graph\":[{\"@type\":\"WebPage\",\"@id\":\"https:\/\/www.finsolucion.com\/ca\/politica-privacitat\/\",\"url\":\"https:\/\/www.finsolucion.com\/ca\/politica-privacitat\/\",\"name\":\"Pol\u00edtica de Privacitat - FinSoluci\u00f3n\",\"isPartOf\":{\"@id\":\"https:\/\/www.finsolucion.com\/#website\"},\"datePublished\":\"2022-08-30T11:32:09+00:00\",\"dateModified\":\"2023-11-29T08:54:27+00:00\",\"breadcrumb\":{\"@id\":\"https:\/\/www.finsolucion.com\/ca\/politica-privacitat\/#breadcrumb\"},\"inLanguage\":\"ca\",\"potentialAction\":[{\"@type\":\"ReadAction\",\"target\":[\"https:\/\/www.finsolucion.com\/ca\/politica-privacitat\/\"]}]},{\"@type\":\"BreadcrumbList\",\"@id\":\"https:\/\/www.finsolucion.com\/ca\/politica-privacitat\/#breadcrumb\",\"itemListElement\":[{\"@type\":\"ListItem\",\"position\":1,\"name\":\"Portada\",\"item\":\"https:\/\/www.finsolucion.com\/ca\/\"},{\"@type\":\"ListItem\",\"position\":2,\"name\":\"Pol\u00edtica de Privacitat\"}]},{\"@type\":\"WebSite\",\"@id\":\"https:\/\/www.finsolucion.com\/#website\",\"url\":\"https:\/\/www.finsolucion.com\/\",\"name\":\"FinSoluci\u00f3n\",\"description\":\"\",\"potentialAction\":[{\"@type\":\"SearchAction\",\"target\":{\"@type\":\"EntryPoint\",\"urlTemplate\":\"https:\/\/www.finsolucion.com\/?s={search_term_string}\"},\"query-input\":\"required name=search_term_string\"}],\"inLanguage\":\"ca\"}]}<\/script>\n<!-- \/ Yoast SEO plugin. -->","yoast_head_json":{"title":"Pol\u00edtica de Privacitat - FinSoluci\u00f3n","robots":{"index":"index","follow":"follow","max-snippet":"max-snippet:-1","max-image-preview":"max-image-preview:large","max-video-preview":"max-video-preview:-1"},"canonical":"https:\/\/www.finsolucion.com\/ca\/politica-privacitat\/","og_locale":"ca_ES","og_type":"article","og_title":"Pol\u00edtica de Privacitat - FinSoluci\u00f3n","og_description":"[vc_row wrap_container=&#8221;yes&#8221; css=&#8221;.vc_custom_1698220850159{padding-bottom: 3.8125rem !important;}&#8221; conditional_render=&#8221;%5B%7B%22value_role%22%3A%22administrator%22%7D%5D&#8221; el_class=&#8221;politica-privacidad-block&#8221;][vc_column][\/vc_column][\/vc_row]","og_url":"https:\/\/www.finsolucion.com\/ca\/politica-privacitat\/","og_site_name":"FinSoluci\u00f3n","article_modified_time":"2023-11-29T08:54:27+00:00","twitter_card":"summary_large_image","twitter_misc":{"Temps estimat de lectura":"1 minut"},"schema":{"@context":"https:\/\/schema.org","@graph":[{"@type":"WebPage","@id":"https:\/\/www.finsolucion.com\/ca\/politica-privacitat\/","url":"https:\/\/www.finsolucion.com\/ca\/politica-privacitat\/","name":"Pol\u00edtica de Privacitat - FinSoluci\u00f3n","isPartOf":{"@id":"https:\/\/www.finsolucion.com\/#website"},"datePublished":"2022-08-30T11:32:09+00:00","dateModified":"2023-11-29T08:54:27+00:00","breadcrumb":{"@id":"https:\/\/www.finsolucion.com\/ca\/politica-privacitat\/#breadcrumb"},"inLanguage":"ca","potentialAction":[{"@type":"ReadAction","target":["https:\/\/www.finsolucion.com\/ca\/politica-privacitat\/"]}]},{"@type":"BreadcrumbList","@id":"https:\/\/www.finsolucion.com\/ca\/politica-privacitat\/#breadcrumb","itemListElement":[{"@type":"ListItem","position":1,"name":"Portada","item":"https:\/\/www.finsolucion.com\/ca\/"},{"@type":"ListItem","position":2,"name":"Pol\u00edtica de Privacitat"}]},{"@type":"WebSite","@id":"https:\/\/www.finsolucion.com\/#website","url":"https:\/\/www.finsolucion.com\/","name":"FinSoluci\u00f3n","description":"","potentialAction":[{"@type":"SearchAction","target":{"@type":"EntryPoint","urlTemplate":"https:\/\/www.finsolucion.com\/?s={search_term_string}"},"query-input":"required name=search_term_string"}],"inLanguage":"ca"}]}},"_links":{"self":[{"href":"https:\/\/www.finsolucion.com\/ca\/wp-json\/wp\/v2\/pages\/3399"}],"collection":[{"href":"https:\/\/www.finsolucion.com\/ca\/wp-json\/wp\/v2\/pages"}],"about":[{"href":"https:\/\/www.finsolucion.com\/ca\/wp-json\/wp\/v2\/types\/page"}],"author":[{"embeddable":true,"href":"https:\/\/www.finsolucion.com\/ca\/wp-json\/wp\/v2\/users\/1"}],"replies":[{"embeddable":true,"href":"https:\/\/www.finsolucion.com\/ca\/wp-json\/wp\/v2\/comments?post=3399"}],"version-history":[{"count":1,"href":"https:\/\/www.finsolucion.com\/ca\/wp-json\/wp\/v2\/pages\/3399\/revisions"}],"predecessor-version":[{"id":3400,"href":"https:\/\/www.finsolucion.com\/ca\/wp-json\/wp\/v2\/pages\/3399\/revisions\/3400"}],"wp:attachment":[{"href":"https:\/\/www.finsolucion.com\/ca\/wp-json\/wp\/v2\/media?parent=3399"}],"curies":[{"name":"wp","href":"https:\/\/api.w.org\/{rel}","templated":true}]}}