{"id":3405,"date":"2023-11-21T15:10:24","date_gmt":"2023-11-21T14:10:24","guid":{"rendered":"https:\/\/www.finsolucion.com\/anuncios-y-tarifas\/"},"modified":"2023-11-29T10:02:35","modified_gmt":"2023-11-29T09:02:35","slug":"anuncis-i-tarifes","status":"publish","type":"page","link":"https:\/\/www.finsolucion.com\/ca\/anuncis-i-tarifes\/","title":{"rendered":"Anuncis i tarifes"},"content":{"rendered":"<section class=\"wpb-content-wrapper\"><p>[vc_row wrap_container=&#8221;yes&#8221; css=&#8221;.vc_custom_1698220850159{padding-bottom: 3.8125rem !important;}&#8221; conditional_render=&#8221;%5B%7B%22value_role%22%3A%22administrator%22%7D%5D&#8221; el_class=&#8221;politica-privacidad-block&#8221;][vc_column]<div class=\"porto-faqs porto-faqs9tyb wpb_content_element \">\r\n\t<div class=\"page-faqs clearfix wpb_custom_d625986109cdfd1e201836c89ea3bdb7\" id=\"porto_faqs_tfia\">\r\n\r\n\t\t\r\n\t\t\r\n\t\t<div class=\"faq-row faqs-container\">\r\n\t\t\t\r\n<div class=\"faq transparencia-y-tarifas-ca post-3385 type-faq status-publish hentry faq_cat-transparencia-y-tarifas-ca\">\r\n\t<section class=\"toggle\">\r\n\t\t<label>1. LES NOSTRES NORMES DE TRANSPAR\u00c8NCIA<\/label>\r\n\t\t<div class=\"toggle-content\">\r\n\t\t<h3 class=\"entry-title\" style=\"display: none;\">1. LES NOSTRES NORMES DE TRANSPAR\u00c8NCIA<\/h3><span class=\"vcard\" style=\"display: none;\"><span class=\"fn\"><a href=\"https:\/\/www.finsolucion.com\/ca\/author\/finsolucion\/\" title=\"Entrades de finsolucion\" rel=\"author\">finsolucion<\/a><\/span><\/span><span class=\"updated\" style=\"display:none\">2023-11-29T09:17:47+01:00<\/span>\n<p>A trav\u00e9s d'aquest document SOLVENTIAGROUP 2019 S.L informa els seus clients de les normes de transpar\u00e8ncia en relaci\u00f3 amb la contractaci\u00f3 dels nostres serveis d'intermediaci\u00f3 financera.<\/p>\n\n\n\n<p>Hi haur\u00e0 ocasions en qu\u00e8 nom\u00e9s s'oferir\u00e0 un servei de mediaci\u00f3 per a la contractaci\u00f3 d'un cr\u00e8dit hipotecari. En aquests casos sempre s'informar\u00e0 el client verificant que l'entitat que ofereix el cr\u00e8dit estigui adherida al Codi Europeu de Conducta.<\/p>\n\t\t<\/div>\r\n\t<\/section>\r\n<\/div>\r\n\r\n<div class=\"faq transparencia-y-tarifas-ca post-3384 type-faq status-publish hentry faq_cat-transparencia-y-tarifas-ca\">\r\n\t<section class=\"toggle\">\r\n\t\t<label>2. ELS DRETS DELS NOSTRES CLIENTS<\/label>\r\n\t\t<div class=\"toggle-content\">\r\n\t\t<h3 class=\"entry-title\" style=\"display: none;\">2. ELS DRETS DELS NOSTRES CLIENTS<\/h3><span class=\"vcard\" style=\"display: none;\"><span class=\"fn\"><a href=\"https:\/\/www.finsolucion.com\/ca\/author\/finsolucion\/\" title=\"Entrades de finsolucion\" rel=\"author\">finsolucion<\/a><\/span><\/span><span class=\"updated\" style=\"display:none\">2023-11-29T09:16:25+01:00<\/span>\n<p>Disposar duna c\u00f2pia del contracte realitzat amb lIntermediari financer.<\/p>\n\n\n\n<p>Acc\u00e9s als fulls informatius de les nostres tarifes, a plena disposici\u00f3 dels nostres clients.<\/p>\n\n\n\n<p>Obtenir la Fitxa Europea d'Informaci\u00f3 Normalitzada (FEIN) i la Fitxa d'Avertiments Estandarditzats (FiAE) sempre que contracti un cr\u00e8dit o pr\u00e9stec hipotecari amb nosaltres com a intermediaris.<\/p>\n\n\n\n<p>Estar informats degudament de les condicions generals que sestableixin en la contractaci\u00f3.<\/p>\n\n\n\n<p>Estar degudament informats de les nostres normes de transpar\u00e8ncia estipulades en aquest document.<\/p>\n\n\n\n<p>Estar correctament informats sobre si nosaltres, com a intermediaris, intervenim a l'operaci\u00f3 amb vinculaci\u00f3 contractual que suposi afecci\u00f3 amb alguna entitat de cr\u00e8dit.<\/p>\n\n\n\n<p>Han de rebre, pr\u00e8viament a la realitzaci\u00f3 i formalitzaci\u00f3 del contracte, els nostres honoraris, tarifes, despeses i bestretes que se'n puguin derivar.<\/p>\n\n\n\n<p>Rebre informaci\u00f3 per part nostra sobre tots els serveis contractats amb nosaltres, ja siguin de mediaci\u00f3, d'assessorament, etc.<\/p>\n\n\n\n<p>SOLVENTIAGROUP 2019 S.L. ha de disposar d'una asseguran\u00e7a de responsabilitat civil professional o aval bancari per fer front a les responsabilitats que puguin sorgir per neglig\u00e8ncia professional a l'\u00e0mbit territorial en qu\u00e8 ofereixi els seus serveis.<\/p>\n\n\n\n<p>Actualment t\u00e9 contractada amb la companyia AXA Assegurances generals la p\u00f2lissa n\u00fam. 82633942 que cobreix fins a 460.000.-\u20ac * Disposar de l'import del preu total a liquidar pels serveis contractats, incloent-hi totes les comissions i despeses que se'n puguin derivar.<\/p>\n\n\n\n<p>A la p\u00e0gina web www.finsolucion.com el client t\u00e9 a la seva disposici\u00f3 el procediment de resoluci\u00f3 de queixes i reclamacions seguit per SOLVENTIAGROUP 2019 S.L., per a aquells conflictes que es puguin produir en la contractaci\u00f3 del servei d'intermediaci\u00f3 ofert per aquesta.<\/p>\n\n\n\n<p>El contracte d'intermediaci\u00f3 financera a subscriure amb SOLVENTIAGROUP 2019 S.L. es formalitzar\u00e0 en la llengua que els clients elegeixin: catal\u00e0, castell\u00e0<\/p>\n\n\n\n<p>Tota la documentaci\u00f3 contractual ser\u00e0 lliurada als clients en l'idioma acordat en la proposta de contractaci\u00f3 per a la seva comprensi\u00f3 total. * Els clients podran desistir el contracte d'intermediaci\u00f3 formalitzat amb SOLVENTIAGROUP 20219 S.L. en els catorze dies naturals posteriors a la signatura del mateix, sense necessitat de justificaci\u00f3 i sense aplicar cap penalitzaci\u00f3, remetent a SOLVENTIAGROUP 2019 S.L. el corresponent requeriment d'autenticitat, dins del termini establert, a trav\u00e9s del nostre e-mail info@finsolucion.com oa la nostra adre\u00e7a postal Carrer Arquimedes N: 179 Local A de Terrassa CP : 08224<\/p>\n\n\n\n<p>El client t\u00e9 dret a sol\u00b7licitar ofertes associades.<\/p>\n\t\t<\/div>\r\n\t<\/section>\r\n<\/div>\r\n\r\n<div class=\"faq transparencia-y-tarifas-ca post-3383 type-faq status-publish hentry faq_cat-transparencia-y-tarifas-ca\">\r\n\t<section class=\"toggle\">\r\n\t\t<label>3. PROTEGIM ELS NOSTRES CLIENTS<\/label>\r\n\t\t<div class=\"toggle-content\">\r\n\t\t<h3 class=\"entry-title\" style=\"display: none;\">3. PROTEGIM ELS NOSTRES CLIENTS<\/h3><span class=\"vcard\" style=\"display: none;\"><span class=\"fn\"><a href=\"https:\/\/www.finsolucion.com\/ca\/author\/finsolucion\/\" title=\"Entrades de finsolucion\" rel=\"author\">finsolucion<\/a><\/span><\/span><span class=\"updated\" style=\"display:none\">2023-11-29T09:14:46+01:00<\/span>\n<p>Protegeixen i emparen els nostres clients les seg\u00fcents lleis o organismes legals: Reial Decret Legislatiu 1\/2007, de 16 de novembre, mitjan\u00e7ant el qual s'aprova el text ref\u00f3s de la Llei General per a la Defensa dels Consumidors i Usuaris i altres lleis complement\u00e0ries.<br>Decret 206\/1990, del 30 de juliol, sobre la inspecci\u00f3 de disciplina de mercat i consum. Llei 16\/2011, del 24 de juny, de contractes de cr\u00e8dit al consum.<\/p>\n\n\n\n<p>Llei 29\/2009, del 30 de setembre, a trav\u00e9s de la qual es modifica el r\u00e8gim legal de la compet\u00e8ncia deslleial i de la publicitat per la millora de la protecci\u00f3 dels consumidors i usuaris.<\/p>\n\n\n\n<p>Llei 7\/1998, del 13 d'abril, sobre les condicions generals de la contractaci\u00f3.<\/p>\n\n\n\n<p>Llei 22\/2010, del 20 de juliol, del Codi de Consum de Catalunya.<\/p>\n\n\n\n<p>Llei 2\/2009, de 31 de mar\u00e7, que regula la contractaci\u00f3 amb els consumidors de pr\u00e9stecs o cr\u00e8dits hipotecaris i de serveis d'intermediaci\u00f3 per a la realitzaci\u00f3 de contractes de pr\u00e9stecs o cr\u00e8dits.<\/p>\n\n\n\n<p>Reial Decret 106\/2011, de 28 de gener, pel qual es crea i regula el Registre estatal d'empreses previst a la Llei 2\/2009, de 31 de mar\u00e7, per la qual es regula la contractaci\u00f3 dels consumidors de pr\u00e9stecs o cr\u00e8dits hipotecaris i de serveis d'intermediaci\u00f3 per a la realitzaci\u00f3 de contractes de pr\u00e9stecs o cr\u00e8dits, i s'estableix l'import fix m\u00ednim corresponent a l'asseguran\u00e7a de responsabilitat o aval bancari per a l'exercici d'aquestes activitats.<\/p>\n\n\n\n<p>Llei 5\/2019, del 15 de mar\u00e7, reguladora dels contractes de cr\u00e8dit immobiliari. Reial Decret 309\/2019, del 26 d'abril, pel qual es desplega parcialment la Llei 5\/2019, del 15 de mar\u00e7, reguladora dels contractes de cr\u00e8dit immobiliari i s'adopten altres mesures en mat\u00e8ria.<\/p>\n\n\n\n<p>Llei de 23 de juliol de 1908, de la usura, en refer\u00e8ncia als contractes de pr\u00e9stec.<br>Codi de Conducta Europeu sobre informaci\u00f3 precontractual per a cr\u00e8dits a vivenda. Llei org\u00e0nica 3\/2018, de 5 de desembre, de protecci\u00f3 de dades personals i garantia dels drets digitals. Reglament (UE) 2016\/679 del Parlament Europeu i del Consell, de 27 d'abril de 2016, relatiu a la protecci\u00f3 de les persones f\u00edsiques pel que fa al tractament de dades personals ia la lliure circulaci\u00f3 d'aquestes dades i pel qual es deroga la Directiva 95\/46\/CE (Reglament general de protecci\u00f3 de dades) Qualssevol altres lleis auton\u00f2miques de protecci\u00f3 dels consumidors i usuaris.<\/p>\n\t\t<\/div>\r\n\t<\/section>\r\n<\/div>\r\n\r\n<div class=\"faq transparencia-y-tarifas-ca post-3382 type-faq status-publish hentry faq_cat-transparencia-y-tarifas-ca\">\r\n\t<section class=\"toggle\">\r\n\t\t<label>4. ELS NOSTRES HONORARIS I TARIFES<\/label>\r\n\t\t<div class=\"toggle-content\">\r\n\t\t<h3 class=\"entry-title\" style=\"display: none;\">4. ELS NOSTRES HONORARIS I TARIFES<\/h3><span class=\"vcard\" style=\"display: none;\"><span class=\"fn\"><a href=\"https:\/\/www.finsolucion.com\/ca\/author\/finsolucion\/\" title=\"Entrades de finsolucion\" rel=\"author\">finsolucion<\/a><\/span><\/span><span class=\"updated\" style=\"display:none\">2023-11-29T09:13:25+01:00<\/span>\n<p>Els honoraris dintermediaci\u00f3 seran pactats per escrit abans de linici de les tasques pr\u00f2pies per a lobtenci\u00f3 de limport sol\u00b7licitat mitjan\u00e7ant finan\u00e7ament amb una entitat de cr\u00e8dit. En qualsevol cas no podran ser superiors als imports detallats a continuaci\u00f3:<\/p>\n\n\n\n<p>Consolidaci\u00f3 de deute: Honoraris m\u00e0xims del 6% del capital concedit, no obstant poden ascendir com a m\u00ednim a 6.000 \u20ac en pr\u00e9stecs hipotecaris l'import dels quals sigui menor de 85.000 \u20ac.<\/p>\n\n\n\n<p>Finan\u00e7ament per a compravenda d'immobles: Honoraris m\u00e0xims del 5% del capital concedit, no obstant poden ascendir com a m\u00ednim a 6.000 \u20ac en pr\u00e9stecs hipotecaris l'import dels quals sigui menor de 85.000 \u20ac.<\/p>\n\n\n\n<p>Mediaci\u00f3 en l'obtenci\u00f3 de pr\u00e9stecs personals sense garantia hipotec\u00e0ria: honoraris m\u00e0xims del 9% del capital obtingut.<\/p>\n\n\n\n<p>Els honoraris per intermediaci\u00f3 es cobraran al moment de la formalitzaci\u00f3 de l'operaci\u00f3 de cr\u00e8dit sol\u00b7licitada. No se sol\u00b7licita el pagament a compte.<\/p>\n\n\n\n<p>La prestaci\u00f3 de serveis d'intermediaci\u00f3 per part de SOLVENTIAGROUP 2019 S.L. s'ha subjectat per\u00f2 exempt de l'impost sobre el valor afegit.<\/p>\n\n\n\n<p>Dins dels honoraris de l'intermediari no s'hi inclouen les despeses de car\u00e0cter extern que puguin correspondre al client.<\/p>\n\t\t<\/div>\r\n\t<\/section>\r\n<\/div>\r\n\r\n<div class=\"faq transparencia-y-tarifas-ca post-3381 type-faq status-publish hentry faq_cat-transparencia-y-tarifas-ca\">\r\n\t<section class=\"toggle\">\r\n\t\t<label>5. DESPESES I SUPLERTS DERIVATS DE LA CONTRACTACI\u00d3 DELS NOSTRES SERVEIS<\/label>\r\n\t\t<div class=\"toggle-content\">\r\n\t\t<h3 class=\"entry-title\" style=\"display: none;\">5. DESPESES I SUPLERTS DERIVATS DE LA CONTRACTACI\u00d3 DELS NOSTRES SERVEIS<\/h3><span class=\"vcard\" style=\"display: none;\"><span class=\"fn\"><a href=\"https:\/\/www.finsolucion.com\/ca\/author\/finsolucion\/\" title=\"Entrades de finsolucion\" rel=\"author\">finsolucion<\/a><\/span><\/span><span class=\"updated\" style=\"display:none\">2023-11-29T09:12:08+01:00<\/span>\n<p>Nota simple: 25\u20ac.<br>Taxaci\u00f3 d'immobles: Entre 300 \u20ac i 1.000 \u20ac sobre la base de l'import del valor de l'immoble<br>taxat.<br>Preparaci\u00f3 d'expedients de cr\u00e8dit: 50\u20ac.<br>Realitzaci\u00f3 destudis de viabilitat mitjan\u00e7ant la informaci\u00f3 obtinguda per part<br>del client: M\u00e0xim 0\u20ac.<br>Acc\u00e9s i comprovaci\u00f3 en registres de morositat: 50\u20ac.<br>Totes les despeses seran pagades mitjan\u00e7ant pressupost pr\u00e8viament acceptat i formalitzat per ambdues parts, independentment del resultat de lobtenci\u00f3 o no del finan\u00e7ament sol\u00b7licitat.<\/p>\n\t\t<\/div>\r\n\t<\/section>\r\n<\/div>\r\n\t\t<\/div>\r\n\r\n\t\t\r\n\t<\/div>\r\n\r\n\t\r\n\t<\/div>[\/vc_column][\/vc_row]<\/p>\n<\/section>","protected":false},"excerpt":{"rendered":"<p>[vc_row wrap_container=&#8221;yes&#8221; css=&#8221;.vc_custom_1698220850159{padding-bottom: 3.8125rem !important;}&#8221; conditional_render=&#8221;%5B%7B%22value_role%22%3A%22administrator%22%7D%5D&#8221; el_class=&#8221;politica-privacidad-block&#8221;][vc_column][\/vc_column][\/vc_row]<\/p>\n","protected":false},"author":3,"featured_media":0,"parent":0,"menu_order":0,"comment_status":"closed","ping_status":"closed","template":"","meta":{"footnotes":""},"yoast_head":"<!-- This site is optimized with the Yoast SEO plugin v21.5 - https:\/\/yoast.com\/wordpress\/plugins\/seo\/ -->\n<title>Anuncis i tarifes - FinSoluci\u00f3n<\/title>\n<meta name=\"robots\" content=\"index, follow, max-snippet:-1, max-image-preview:large, max-video-preview:-1\" \/>\n<link rel=\"canonical\" href=\"https:\/\/www.finsolucion.com\/ca\/anuncis-i-tarifes\/\" \/>\n<meta property=\"og:locale\" content=\"ca_ES\" \/>\n<meta property=\"og:type\" content=\"article\" \/>\n<meta property=\"og:title\" content=\"Anuncis i tarifes - FinSoluci\u00f3n\" \/>\n<meta property=\"og:description\" content=\"[vc_row wrap_container=&#8221;yes&#8221; css=&#8221;.vc_custom_1698220850159{padding-bottom: 3.8125rem !important;}&#8221; conditional_render=&#8221;%5B%7B%22value_role%22%3A%22administrator%22%7D%5D&#8221; el_class=&#8221;politica-privacidad-block&#8221;][vc_column][\/vc_column][\/vc_row]\" \/>\n<meta property=\"og:url\" content=\"https:\/\/www.finsolucion.com\/ca\/anuncis-i-tarifes\/\" \/>\n<meta property=\"og:site_name\" content=\"FinSoluci\u00f3n\" \/>\n<meta property=\"article:modified_time\" content=\"2023-11-29T09:02:35+00:00\" \/>\n<meta name=\"twitter:card\" content=\"summary_large_image\" \/>\n<meta name=\"twitter:label1\" content=\"Temps estimat de lectura\" \/>\n\t<meta name=\"twitter:data1\" content=\"1 minut\" \/>\n<script type=\"application\/ld+json\" class=\"yoast-schema-graph\">{\"@context\":\"https:\/\/schema.org\",\"@graph\":[{\"@type\":\"WebPage\",\"@id\":\"https:\/\/www.finsolucion.com\/ca\/anuncis-i-tarifes\/\",\"url\":\"https:\/\/www.finsolucion.com\/ca\/anuncis-i-tarifes\/\",\"name\":\"Anuncis i tarifes - FinSoluci\u00f3n\",\"isPartOf\":{\"@id\":\"https:\/\/www.finsolucion.com\/#website\"},\"datePublished\":\"2023-11-21T14:10:24+00:00\",\"dateModified\":\"2023-11-29T09:02:35+00:00\",\"breadcrumb\":{\"@id\":\"https:\/\/www.finsolucion.com\/ca\/anuncis-i-tarifes\/#breadcrumb\"},\"inLanguage\":\"ca\",\"potentialAction\":[{\"@type\":\"ReadAction\",\"target\":[\"https:\/\/www.finsolucion.com\/ca\/anuncis-i-tarifes\/\"]}]},{\"@type\":\"BreadcrumbList\",\"@id\":\"https:\/\/www.finsolucion.com\/ca\/anuncis-i-tarifes\/#breadcrumb\",\"itemListElement\":[{\"@type\":\"ListItem\",\"position\":1,\"name\":\"Portada\",\"item\":\"https:\/\/www.finsolucion.com\/ca\/\"},{\"@type\":\"ListItem\",\"position\":2,\"name\":\"Anuncis i tarifes\"}]},{\"@type\":\"WebSite\",\"@id\":\"https:\/\/www.finsolucion.com\/#website\",\"url\":\"https:\/\/www.finsolucion.com\/\",\"name\":\"FinSoluci\u00f3n\",\"description\":\"\",\"potentialAction\":[{\"@type\":\"SearchAction\",\"target\":{\"@type\":\"EntryPoint\",\"urlTemplate\":\"https:\/\/www.finsolucion.com\/?s={search_term_string}\"},\"query-input\":\"required name=search_term_string\"}],\"inLanguage\":\"ca\"}]}<\/script>\n<!-- \/ Yoast SEO plugin. -->","yoast_head_json":{"title":"Anuncis i tarifes - FinSoluci\u00f3n","robots":{"index":"index","follow":"follow","max-snippet":"max-snippet:-1","max-image-preview":"max-image-preview:large","max-video-preview":"max-video-preview:-1"},"canonical":"https:\/\/www.finsolucion.com\/ca\/anuncis-i-tarifes\/","og_locale":"ca_ES","og_type":"article","og_title":"Anuncis i tarifes - FinSoluci\u00f3n","og_description":"[vc_row wrap_container=&#8221;yes&#8221; css=&#8221;.vc_custom_1698220850159{padding-bottom: 3.8125rem !important;}&#8221; conditional_render=&#8221;%5B%7B%22value_role%22%3A%22administrator%22%7D%5D&#8221; el_class=&#8221;politica-privacidad-block&#8221;][vc_column][\/vc_column][\/vc_row]","og_url":"https:\/\/www.finsolucion.com\/ca\/anuncis-i-tarifes\/","og_site_name":"FinSoluci\u00f3n","article_modified_time":"2023-11-29T09:02:35+00:00","twitter_card":"summary_large_image","twitter_misc":{"Temps estimat de lectura":"1 minut"},"schema":{"@context":"https:\/\/schema.org","@graph":[{"@type":"WebPage","@id":"https:\/\/www.finsolucion.com\/ca\/anuncis-i-tarifes\/","url":"https:\/\/www.finsolucion.com\/ca\/anuncis-i-tarifes\/","name":"Anuncis i tarifes - FinSoluci\u00f3n","isPartOf":{"@id":"https:\/\/www.finsolucion.com\/#website"},"datePublished":"2023-11-21T14:10:24+00:00","dateModified":"2023-11-29T09:02:35+00:00","breadcrumb":{"@id":"https:\/\/www.finsolucion.com\/ca\/anuncis-i-tarifes\/#breadcrumb"},"inLanguage":"ca","potentialAction":[{"@type":"ReadAction","target":["https:\/\/www.finsolucion.com\/ca\/anuncis-i-tarifes\/"]}]},{"@type":"BreadcrumbList","@id":"https:\/\/www.finsolucion.com\/ca\/anuncis-i-tarifes\/#breadcrumb","itemListElement":[{"@type":"ListItem","position":1,"name":"Portada","item":"https:\/\/www.finsolucion.com\/ca\/"},{"@type":"ListItem","position":2,"name":"Anuncis i tarifes"}]},{"@type":"WebSite","@id":"https:\/\/www.finsolucion.com\/#website","url":"https:\/\/www.finsolucion.com\/","name":"FinSoluci\u00f3n","description":"","potentialAction":[{"@type":"SearchAction","target":{"@type":"EntryPoint","urlTemplate":"https:\/\/www.finsolucion.com\/?s={search_term_string}"},"query-input":"required name=search_term_string"}],"inLanguage":"ca"}]}},"_links":{"self":[{"href":"https:\/\/www.finsolucion.com\/ca\/wp-json\/wp\/v2\/pages\/3405"}],"collection":[{"href":"https:\/\/www.finsolucion.com\/ca\/wp-json\/wp\/v2\/pages"}],"about":[{"href":"https:\/\/www.finsolucion.com\/ca\/wp-json\/wp\/v2\/types\/page"}],"author":[{"embeddable":true,"href":"https:\/\/www.finsolucion.com\/ca\/wp-json\/wp\/v2\/users\/3"}],"replies":[{"embeddable":true,"href":"https:\/\/www.finsolucion.com\/ca\/wp-json\/wp\/v2\/comments?post=3405"}],"version-history":[{"count":1,"href":"https:\/\/www.finsolucion.com\/ca\/wp-json\/wp\/v2\/pages\/3405\/revisions"}],"predecessor-version":[{"id":3406,"href":"https:\/\/www.finsolucion.com\/ca\/wp-json\/wp\/v2\/pages\/3405\/revisions\/3406"}],"wp:attachment":[{"href":"https:\/\/www.finsolucion.com\/ca\/wp-json\/wp\/v2\/media?parent=3405"}],"curies":[{"name":"wp","href":"https:\/\/api.w.org\/{rel}","templated":true}]}}