{"id":3407,"date":"2023-11-21T16:10:19","date_gmt":"2023-11-21T15:10:19","guid":{"rendered":"https:\/\/www.finsolucion.com\/condiciones-generales-de-contratacion\/"},"modified":"2023-11-29T10:04:10","modified_gmt":"2023-11-29T09:04:10","slug":"condicions-general-de-contractacio","status":"publish","type":"page","link":"https:\/\/www.finsolucion.com\/ca\/condicions-general-de-contractacio\/","title":{"rendered":"Condicions generals de contractaci\u00f3"},"content":{"rendered":"<section class=\"wpb-content-wrapper\"><p>[vc_row wrap_container=&#8221;yes&#8221; css=&#8221;.vc_custom_1698220850159{padding-bottom: 3.8125rem !important;}&#8221; conditional_render=&#8221;%5B%7B%22value_role%22%3A%22administrator%22%7D%5D&#8221; el_class=&#8221;politica-privacidad-block&#8221;][vc_column]<div class=\"porto-faqs porto-faqsmniz wpb_content_element \">\r\n\t<div class=\"page-faqs clearfix wpb_custom_d625986109cdfd1e201836c89ea3bdb7\" id=\"porto_faqs_nz4v\">\r\n\r\n\t\t\r\n\t\t\r\n\t\t<div class=\"faq-row faqs-container\">\r\n\t\t\t\r\n<div class=\"faq condiciones-generales-ca post-3398 type-faq status-publish hentry faq_cat-condiciones-generales-ca\">\r\n\t<section class=\"toggle\">\r\n\t\t<label>1. NOTA INFORMATIVA DE FINNC<\/label>\r\n\t\t<div class=\"toggle-content\">\r\n\t\t<h3 class=\"entry-title\" style=\"display: none;\">1. NOTA INFORMATIVA DE FINNC<\/h3><span class=\"vcard\" style=\"display: none;\"><span class=\"fn\"><a href=\"https:\/\/www.finsolucion.com\/ca\/author\/finsolucion\/\" title=\"Entrades de finsolucion\" rel=\"author\">finsolucion<\/a><\/span><\/span><span class=\"updated\" style=\"display:none\">2023-11-29T09:49:46+01:00<\/span>\n<p>FINSOLUCION SERVEIS HIPOTECARIS, \u00e9s un assessor independent i no treballa en exclusiva per a cap entitat de cr\u00e8dit.<\/p>\n\n\n\n<p>FINSOLUCION SERVEIS HIPOTECARIS no presta serveis d'assessorament, ni recomana cap pr\u00e9stec o cr\u00e8dit en concret. El client ha de prendre la seva decisi\u00f3 sobre la conveni\u00e8ncia de formalitzar la contractaci\u00f3.<\/p>\n\n\n\n<p>FINSOLUCI\u00d3 SERVEIS HIPOTECARIS disposa dels nivells de compet\u00e8ncies de coneixements necessaris per exercir la tasca que en l'enc\u00e0rrec se li encomanin FINSOLUCI\u00d3 , si n'hi hagu\u00e9s aquesta no tindr\u00e0 efecte en els honoraris pactats amb EL CLIENT.<\/p>\n\n\n\n<p>FINSOLUCI\u00d3 SERVEIS HIPOTECARIS no es fa responsable sota cap concepte dels contractes d'arres i\/o compravenda que el client decideixi formalitzar amb terceres parts.<\/p>\n\t\t<\/div>\r\n\t<\/section>\r\n<\/div>\r\n\r\n<div class=\"faq condiciones-generales-ca post-3397 type-faq status-publish hentry faq_cat-condiciones-generales-ca\">\r\n\t<section class=\"toggle\">\r\n\t\t<label>2. CL\u00c0USULES DEL CONTRACTE D&#8217;INTERMEDIACI\u00d3 DE CR\u00c8DIT HIPOTECARI<\/label>\r\n\t\t<div class=\"toggle-content\">\r\n\t\t<h3 class=\"entry-title\" style=\"display: none;\">2. CL\u00c0USULES DEL CONTRACTE D&#8217;INTERMEDIACI\u00d3 DE CR\u00c8DIT HIPOTECARI<\/h3><span class=\"vcard\" style=\"display: none;\"><span class=\"fn\"><a href=\"https:\/\/www.finsolucion.com\/ca\/author\/finsolucion\/\" title=\"Entrades de finsolucion\" rel=\"author\">finsolucion<\/a><\/span><\/span><span class=\"updated\" style=\"display:none\">2023-11-29T09:48:32+01:00<\/span>\n<ul>\n<li>1 . El CLIENT mitjan\u00e7ant la present encarrega la gesti\u00f3 de la intermediaci\u00f3 amb entitats de cr\u00e8dit per a l'obtenci\u00f3 d'un pr\u00e9stec \u2013 cr\u00e8dit hipotecari i\/o personal a FINSOLUCI\u00d3 SERVEIS HIPOTECARIS en endavant l'INTERMEDIARI<\/li>\n\n\n\n<li>2 . La incorporaci\u00f3 i el tractament de les seves dades personals als fitxers de qu\u00e8 sigui titular L'INTERMEDIARI amb la finalitat de complir la tasca que mitjan\u00e7ant el present li ha estat encomanada.<\/li>\n\n\n\n<li>3 . A comunicar les vostres dades personals a entitats financeres i de cr\u00e8dit i\/o altres empreses del sector financer, fins i tot a altres intermediaris bancaris, aix\u00ed com, perqu\u00e8 pugui estudiar i tramitar l'operaci\u00f3 plantejada per EL\/ELS CLIENTS, podent les entitats designades per EL INTERMEDIARI.<\/li>\n\n\n\n<li>o Realitzar consultes sobre l'historial creditici d'EL\/ELS CLIENTS davant d'organismes p\u00fablics (T.G.S.S, I.N.S.S, A.E.A.T, Registre de la Propietat i Mercantil) o privats (ASNEF, BADEXCUG, EQUIFAX) i en especial davant la central d'Informaci\u00f3 de Riscos del Banc d'Espanya (C.I.R.B.E).<\/li>\n\n\n\n<li>o EL\/ELS CLIENTS autoritza\/n a cedir les dades a fi de procedir a l'estudi de viabilitat i en especial per sol\u00b7licitar informaci\u00f3 davant de la central d'Informaci\u00f3 de Risc amb el Banc d'Espanya (C.I.R.B.E) a qualsevol entitat financera i de cr\u00e8dit. o Incorporar i tractar les dades personals d'EL\/ELS CLIENTS als seus fitxers per realitzar qualsevol actuaci\u00f3 relacionada amb l'estudi, la tramitaci\u00f3 i\/o la concessi\u00f3 de l'operaci\u00f3 credit\u00edcia plantejada. o Conservar les dades amb fins de publicitat comercial, aix\u00ed com, realitzar-ne el tractament automatitzat mitjan\u00e7ant eines de sistemes experts (scoring, data mining\u2026) fins i tot una vegada realitzada la relaci\u00f3. o EL\/ELS CLIENTS declaren que la documentaci\u00f3 que ha aportat no ha estat falsificada. o EL\/ELS CLIENTS reconeix\/en pel present document el pagament dels honoraris a l'intermediari, quan havent-li aprovat aquest l'operaci\u00f3 en una o m\u00e9s entitats financeres o de cr\u00e8dit, no podran formalitzar l'operaci\u00f3 financera a les mateixes entitats sense la intervenci\u00f3 del intermediari FINSOLUCION SERVEIS HIPOTECARIS<\/li>\n\n\n\n<li>o La durada m\u00e0xima de l'enc\u00e0rrec ser\u00e0 de xxx mesos. En complir el termini, el contracte o nota d'enc\u00e0rrec quedar\u00e0 autom\u00e0ticament anul\u00b7lat.<\/li>\n\n\n\n<li>o El finan\u00e7ament requerit l'obtenci\u00f3 del pr\u00e9stec hipotecari ser\u00e0 de xxxxxxx (xxxxxxxxxxxx).<\/li>\n\n\n\n<li>o Les condicions podran variar depenent de l'entitat banc\u00e0ria, i subjecte a la taxaci\u00f3 de l'immoble seran per a una hipoteca a inter\u00e8s xxxxxxxxx<\/li>\n<\/ul>\n\t\t<\/div>\r\n\t<\/section>\r\n<\/div>\r\n\r\n<div class=\"faq condiciones-generales-ca post-3396 type-faq status-publish hentry faq_cat-condiciones-generales-ca\">\r\n\t<section class=\"toggle\">\r\n\t\t<label>3. HONORARIS<\/label>\r\n\t\t<div class=\"toggle-content\">\r\n\t\t<h3 class=\"entry-title\" style=\"display: none;\">3. HONORARIS<\/h3><span class=\"vcard\" style=\"display: none;\"><span class=\"fn\"><a href=\"https:\/\/www.finsolucion.com\/ca\/author\/finsolucion\/\" title=\"Entrades de finsolucion\" rel=\"author\">finsolucion<\/a><\/span><\/span><span class=\"updated\" style=\"display:none\">2023-11-29T09:46:38+01:00<\/span>\n<p>El preu total que EL CLIENT haur\u00e0 d'abonar A L'INTERMEDIARI pels treballs realitzats d'intermediaci\u00f3 financera, ascendir\u00e0 a xxxxxxxxxxxxx _ \u20ac xxxxxxxxxxx sobre aquest import no es tenen en compte els impostos i les despeses que no es paguin a trav\u00e9s de l'INTERMEDIARI i que ha d'abonar el client , com, per exemple, notaria, registre, impostos, gestoria, etc., aix\u00ed com els serveis i productes que pugui ser necessaris contractar durant la tramitaci\u00f3 del cr\u00e8dit o pr\u00e9stec, com per exemple assegurances i taxaci\u00f3.<\/p>\n\n\n\n<p>Els honoraris es meritaran al dret de cobrament a favor de l'INTERMEDIARI al temps de la presentaci\u00f3 i acceptaci\u00f3, per part d'aquest d'una o diverses FEIN al client, aquests seran abonats per part del client, a la signatura de l'operaci\u00f3 del finan\u00e7ament presentat per L'INTERMEDIARI a l'acte notarial de formalitzaci\u00f3 de l'operaci\u00f3 de cr\u00e8dit\/pr\u00e9stec a trav\u00e9s d'un xec bancari, transfer\u00e8ncia immediata o qualsevol altre m\u00e8tode de pagament acceptat en dret.<\/p>\n\t\t<\/div>\r\n\t<\/section>\r\n<\/div>\r\n\r\n<div class=\"faq condiciones-generales-ca post-3395 type-faq status-publish hentry faq_cat-condiciones-generales-ca\">\r\n\t<section class=\"toggle\">\r\n\t\t<label>4. TAXACI\u00d3<\/label>\r\n\t\t<div class=\"toggle-content\">\r\n\t\t<h3 class=\"entry-title\" style=\"display: none;\">4. TAXACI\u00d3<\/h3><span class=\"vcard\" style=\"display: none;\"><span class=\"fn\"><a href=\"https:\/\/www.finsolucion.com\/ca\/author\/finsolucion\/\" title=\"Entrades de finsolucion\" rel=\"author\">finsolucion<\/a><\/span><\/span><span class=\"updated\" style=\"display:none\">2023-11-29T09:45:00+01:00<\/span>\n<p>El client autoritza l'INTERMEDIARI perqu\u00e8 aquest sol\u00b7licite en nom i cost del CLIENT, la taxaci\u00f3 necess\u00e0ria per gestionar l'enc\u00e0rrec.<\/p>\n\n\n\n<p>EL\/ELS CLIENTS hauran d'abonar el 50% dels honoraris pactats en aquesta nota d'enc\u00e0rrec si un cop encarregada, tramitada, gestionada, coordinada i realitza la taxaci\u00f3 de l'habitatge, EL\/ELS CLIENTS decideixen realitzar l'operaci\u00f3 hipotec\u00e0ria sense comptar amb els serveis de L'INTERMEDIARI sobre el mateix habitatge taxat per aquest.<\/p>\n\t\t<\/div>\r\n\t<\/section>\r\n<\/div>\r\n\r\n<div class=\"faq condiciones-generales-ca post-3394 type-faq status-publish hentry faq_cat-condiciones-generales-ca\">\r\n\t<section class=\"toggle\">\r\n\t\t<label>5. POL\u00cdTICA DE TRANSPAR\u00c8NCIA DE FINSOLUCI\u00d3 SERVEIS HIPOTECARIS \/ CLIENT<\/label>\r\n\t\t<div class=\"toggle-content\">\r\n\t\t<h3 class=\"entry-title\" style=\"display: none;\">5. POL\u00cdTICA DE TRANSPAR\u00c8NCIA DE FINSOLUCI\u00d3 SERVEIS HIPOTECARIS \/ CLIENT<\/h3><span class=\"vcard\" style=\"display: none;\"><span class=\"fn\"><a href=\"https:\/\/www.finsolucion.com\/ca\/author\/finsolucion\/\" title=\"Entrades de finsolucion\" rel=\"author\">finsolucion<\/a><\/span><\/span><span class=\"updated\" style=\"display:none\">2023-11-29T09:43:35+01:00<\/span>\n<p>El client signa aquest document manifestant aix\u00ed:<\/p>\n\n\n\n<p>La documentaci\u00f3 aportada \u00e9s fidel c\u00f2pia de l'original, el client manifesta que tota la documentaci\u00f3 i informaci\u00f3 aportada en la tramitaci\u00f3 de la present operaci\u00f3 concorda fidelment amb la realitat, exonerant expressament L'INTERMEDIARI de qualsevol responsabilitat de per falsedat, error o qualsevol circumst\u00e0ncia, \u00fanicament limitant-se aquest el lliurament de la documentaci\u00f3 aportada pel client. Pel que fa a aix\u00f2, L'INTERMEDIARI informa que procedir\u00e0 a tractar les dades de forma l\u00edcita, lleial, transparent, adequada, pertinent, limitada, exacta i actualitzada.<\/p>\n\n\n\n<p>Ha llegit i ent\u00e8s els documents d'Informaci\u00f3 Precontractual, el de Tarifes i Condicions generals de contractaci\u00f3 que FINSOLUCION SERVEIS HIPOTECARIS serveis hipotecaris posa a disposici\u00f3 a la web.<\/p>\n\n\n\n<p>Quan el client estigui tramitant el finan\u00e7ament sense la intervenci\u00f3 de l'INTERMEDIARI, el client queda obligat a comunicar a l'INTERMEDIARI les entitats banc\u00e0ries o altres intermediaris de cr\u00e8dit a qu\u00e8 s'ha presentat la sol\u00b7licitud, per tal que l'empresa pugui centrar-se en la cerca de altres alternatives que no estiguin a l'abast del client o fins i tot poder valorar la no acceptaci\u00f3 de l'enc\u00e0rrec. El client manifesta que actualment est\u00e0 tramitant el finan\u00e7ament amb les seg\u00fcents entitats banc\u00e0ries i\/o intermediaris de cr\u00e8dit:<\/p>\n\n\n\n<p>El client es compromet a pagar els honoraris m\u00ednims indicats a les Tarifes i Condicions generals de contractaci\u00f3 que apareixen a la web www.finsolucion.com en cas de voler formalitzar el finan\u00e7ament a les mateixes entitats financeres on FINSOLUCI\u00d3 SERVEIS HIPOTECARIS ha presentat l'operaci\u00f3 durant un termini de 12 mesos des de la signatura daquest document, encara que sigui sense la intervenci\u00f3 de FINSOLUCION SERVEIS HIPOTECARIS.<\/p>\n\n\n\n<p>El client podr\u00e0 desistir del present enc\u00e0rrec en el termini de catorze dies naturals des de la formalitzaci\u00f3 del mateix, sense al\u00b7legaci\u00f3 de cap causa i sense penalitzaci\u00f3. Per a l'exercici del seu dret de desistiment, el client haur\u00e0 de dirigir a FINSOLUCION SERVEIS HIPOTECARIS una comunicaci\u00f3 escrita expressiva de la seva voluntat inequ\u00edvoca de desistir del present enc\u00e0rrec. Segons la Llei de Consum, el dret de desistiment de serveis no es pot exercir en cas que ja s'hagin prestat els serveis contractats.<\/p>\n\t\t<\/div>\r\n\t<\/section>\r\n<\/div>\r\n\t\t<\/div>\r\n\r\n\t\t\r\n\t<\/div>\r\n\r\n\t\r\n\t<\/div>[\/vc_column][\/vc_row]<\/p>\n<\/section>","protected":false},"excerpt":{"rendered":"<p>[vc_row wrap_container=&#8221;yes&#8221; css=&#8221;.vc_custom_1698220850159{padding-bottom: 3.8125rem !important;}&#8221; conditional_render=&#8221;%5B%7B%22value_role%22%3A%22administrator%22%7D%5D&#8221; el_class=&#8221;politica-privacidad-block&#8221;][vc_column][\/vc_column][\/vc_row]<\/p>\n","protected":false},"author":3,"featured_media":0,"parent":0,"menu_order":0,"comment_status":"closed","ping_status":"closed","template":"","meta":{"footnotes":""},"yoast_head":"<!-- This site is optimized with the Yoast SEO plugin v21.5 - https:\/\/yoast.com\/wordpress\/plugins\/seo\/ -->\n<title>Condicions generals de contractaci\u00f3 - FinSoluci\u00f3n<\/title>\n<meta name=\"robots\" content=\"index, follow, max-snippet:-1, max-image-preview:large, max-video-preview:-1\" \/>\n<link rel=\"canonical\" href=\"https:\/\/www.finsolucion.com\/ca\/condicions-general-de-contractacio\/\" \/>\n<meta property=\"og:locale\" content=\"ca_ES\" \/>\n<meta property=\"og:type\" content=\"article\" \/>\n<meta property=\"og:title\" content=\"Condicions generals de contractaci\u00f3 - FinSoluci\u00f3n\" \/>\n<meta property=\"og:description\" content=\"[vc_row wrap_container=&#8221;yes&#8221; css=&#8221;.vc_custom_1698220850159{padding-bottom: 3.8125rem !important;}&#8221; conditional_render=&#8221;%5B%7B%22value_role%22%3A%22administrator%22%7D%5D&#8221; el_class=&#8221;politica-privacidad-block&#8221;][vc_column][\/vc_column][\/vc_row]\" \/>\n<meta property=\"og:url\" content=\"https:\/\/www.finsolucion.com\/ca\/condicions-general-de-contractacio\/\" \/>\n<meta property=\"og:site_name\" content=\"FinSoluci\u00f3n\" \/>\n<meta property=\"article:modified_time\" content=\"2023-11-29T09:04:10+00:00\" \/>\n<meta name=\"twitter:card\" content=\"summary_large_image\" \/>\n<meta name=\"twitter:label1\" content=\"Temps estimat de lectura\" \/>\n\t<meta name=\"twitter:data1\" content=\"1 minut\" \/>\n<script type=\"application\/ld+json\" class=\"yoast-schema-graph\">{\"@context\":\"https:\/\/schema.org\",\"@graph\":[{\"@type\":\"WebPage\",\"@id\":\"https:\/\/www.finsolucion.com\/ca\/condicions-general-de-contractacio\/\",\"url\":\"https:\/\/www.finsolucion.com\/ca\/condicions-general-de-contractacio\/\",\"name\":\"Condicions generals de contractaci\u00f3 - FinSoluci\u00f3n\",\"isPartOf\":{\"@id\":\"https:\/\/www.finsolucion.com\/#website\"},\"datePublished\":\"2023-11-21T15:10:19+00:00\",\"dateModified\":\"2023-11-29T09:04:10+00:00\",\"breadcrumb\":{\"@id\":\"https:\/\/www.finsolucion.com\/ca\/condicions-general-de-contractacio\/#breadcrumb\"},\"inLanguage\":\"ca\",\"potentialAction\":[{\"@type\":\"ReadAction\",\"target\":[\"https:\/\/www.finsolucion.com\/ca\/condicions-general-de-contractacio\/\"]}]},{\"@type\":\"BreadcrumbList\",\"@id\":\"https:\/\/www.finsolucion.com\/ca\/condicions-general-de-contractacio\/#breadcrumb\",\"itemListElement\":[{\"@type\":\"ListItem\",\"position\":1,\"name\":\"Portada\",\"item\":\"https:\/\/www.finsolucion.com\/ca\/\"},{\"@type\":\"ListItem\",\"position\":2,\"name\":\"Condicions generals de contractaci\u00f3\"}]},{\"@type\":\"WebSite\",\"@id\":\"https:\/\/www.finsolucion.com\/#website\",\"url\":\"https:\/\/www.finsolucion.com\/\",\"name\":\"FinSoluci\u00f3n\",\"description\":\"\",\"potentialAction\":[{\"@type\":\"SearchAction\",\"target\":{\"@type\":\"EntryPoint\",\"urlTemplate\":\"https:\/\/www.finsolucion.com\/?s={search_term_string}\"},\"query-input\":\"required name=search_term_string\"}],\"inLanguage\":\"ca\"}]}<\/script>\n<!-- \/ Yoast SEO plugin. -->","yoast_head_json":{"title":"Condicions generals de contractaci\u00f3 - FinSoluci\u00f3n","robots":{"index":"index","follow":"follow","max-snippet":"max-snippet:-1","max-image-preview":"max-image-preview:large","max-video-preview":"max-video-preview:-1"},"canonical":"https:\/\/www.finsolucion.com\/ca\/condicions-general-de-contractacio\/","og_locale":"ca_ES","og_type":"article","og_title":"Condicions generals de contractaci\u00f3 - FinSoluci\u00f3n","og_description":"[vc_row wrap_container=&#8221;yes&#8221; css=&#8221;.vc_custom_1698220850159{padding-bottom: 3.8125rem !important;}&#8221; conditional_render=&#8221;%5B%7B%22value_role%22%3A%22administrator%22%7D%5D&#8221; el_class=&#8221;politica-privacidad-block&#8221;][vc_column][\/vc_column][\/vc_row]","og_url":"https:\/\/www.finsolucion.com\/ca\/condicions-general-de-contractacio\/","og_site_name":"FinSoluci\u00f3n","article_modified_time":"2023-11-29T09:04:10+00:00","twitter_card":"summary_large_image","twitter_misc":{"Temps estimat de lectura":"1 minut"},"schema":{"@context":"https:\/\/schema.org","@graph":[{"@type":"WebPage","@id":"https:\/\/www.finsolucion.com\/ca\/condicions-general-de-contractacio\/","url":"https:\/\/www.finsolucion.com\/ca\/condicions-general-de-contractacio\/","name":"Condicions generals de contractaci\u00f3 - FinSoluci\u00f3n","isPartOf":{"@id":"https:\/\/www.finsolucion.com\/#website"},"datePublished":"2023-11-21T15:10:19+00:00","dateModified":"2023-11-29T09:04:10+00:00","breadcrumb":{"@id":"https:\/\/www.finsolucion.com\/ca\/condicions-general-de-contractacio\/#breadcrumb"},"inLanguage":"ca","potentialAction":[{"@type":"ReadAction","target":["https:\/\/www.finsolucion.com\/ca\/condicions-general-de-contractacio\/"]}]},{"@type":"BreadcrumbList","@id":"https:\/\/www.finsolucion.com\/ca\/condicions-general-de-contractacio\/#breadcrumb","itemListElement":[{"@type":"ListItem","position":1,"name":"Portada","item":"https:\/\/www.finsolucion.com\/ca\/"},{"@type":"ListItem","position":2,"name":"Condicions generals de contractaci\u00f3"}]},{"@type":"WebSite","@id":"https:\/\/www.finsolucion.com\/#website","url":"https:\/\/www.finsolucion.com\/","name":"FinSoluci\u00f3n","description":"","potentialAction":[{"@type":"SearchAction","target":{"@type":"EntryPoint","urlTemplate":"https:\/\/www.finsolucion.com\/?s={search_term_string}"},"query-input":"required name=search_term_string"}],"inLanguage":"ca"}]}},"_links":{"self":[{"href":"https:\/\/www.finsolucion.com\/ca\/wp-json\/wp\/v2\/pages\/3407"}],"collection":[{"href":"https:\/\/www.finsolucion.com\/ca\/wp-json\/wp\/v2\/pages"}],"about":[{"href":"https:\/\/www.finsolucion.com\/ca\/wp-json\/wp\/v2\/types\/page"}],"author":[{"embeddable":true,"href":"https:\/\/www.finsolucion.com\/ca\/wp-json\/wp\/v2\/users\/3"}],"replies":[{"embeddable":true,"href":"https:\/\/www.finsolucion.com\/ca\/wp-json\/wp\/v2\/comments?post=3407"}],"version-history":[{"count":1,"href":"https:\/\/www.finsolucion.com\/ca\/wp-json\/wp\/v2\/pages\/3407\/revisions"}],"predecessor-version":[{"id":3408,"href":"https:\/\/www.finsolucion.com\/ca\/wp-json\/wp\/v2\/pages\/3407\/revisions\/3408"}],"wp:attachment":[{"href":"https:\/\/www.finsolucion.com\/ca\/wp-json\/wp\/v2\/media?parent=3407"}],"curies":[{"name":"wp","href":"https:\/\/api.w.org\/{rel}","templated":true}]}}